{"id":7115,"date":"2021-02-17T09:44:51","date_gmt":"2021-02-17T07:44:51","guid":{"rendered":"https:\/\/danmar-computers.com.pl\/?page_id=7115"},"modified":"2023-05-11T18:43:45","modified_gmt":"2023-05-11T16:43:45","slug":"pracuj-z-nami","status":"publish","type":"page","link":"https:\/\/danmar-computers.com.pl\/en\/pracuj-z-nami\/","title":{"rendered":"Pracuj z nami!"},"content":{"rendered":"<p><strong>Jeste\u015b osob\u0105 kontaktow\u0105 i lubisz pracowa\u0107 w mi\u0119dzynarodowym \u015brodowisku?<\/strong><\/p>\n<p><strong>My\u015blisz nad prac\u0105 w trybie projektowym?<\/strong><\/p>\n<p><strong>Chcesz sprawdzi\u0107 sw\u00f3j \u201edobry angielski\u201d w praktyce, a mo\u017ce interesuj\u0105 Ci\u0119 aplikacje edukacyjne?<\/strong><\/p>\n<p><strong>Sprawd\u017a nasze aktualne oferty pracy i przekonaj si\u0119 czy to w\u0142a\u015bnie Ciebie szukamy!<\/strong><\/p>\n<hr \/>\n<ul>\n<li><a href=\"https:\/\/danmar-computers.com.pl\/wydarzenia\/praca-asystent-projektow-miedzynarodowych\/\">Oferta pracy \u2013 asystent projekt\u00f3w mi\u0119dzynarodowych<\/a><\/li>\n<\/ul>\n","protected":false},"excerpt":{"rendered":"<p>Jeste\u015b osob\u0105 kontaktow\u0105 i lubisz pracowa\u0107 w mi\u0119dzynarodowym \u015brodowisku? My\u015blisz nad prac\u0105 w trybie projektowym? Chcesz sprawdzi\u0107 sw\u00f3j \u201edobry angielski\u201d w praktyce, a mo\u017ce interesuj\u0105 Ci\u0119 aplikacje edukacyjne? Sprawd\u017a nasze aktualne oferty pracy i przekonaj si\u0119 czy to w\u0142a\u015bnie Ciebie szukamy! Oferta pracy \u2013 asystent projekt\u00f3w mi\u0119dzynarodowych<\/p>\n","protected":false},"author":1,"featured_media":0,"parent":0,"menu_order":0,"comment_status":"closed","ping_status":"closed","template":"","meta":{"footnotes":""},"class_list":["post-7115","page","type-page","status-publish","hentry"],"yoast_head":"<!-- This site is optimized with the Yoast SEO plugin v27.3 - https:\/\/yoast.com\/product\/yoast-seo-wordpress\/ -->\n<title>Pracuj z nami! - Danmar Computers<\/title>\n<meta name=\"robots\" content=\"index, follow, max-snippet:-1, max-image-preview:large, max-video-preview:-1\" \/>\n<link rel=\"canonical\" href=\"https:\/\/danmar-computers.com.pl\/pracuj-z-nami\/\" \/>\n<meta property=\"og:locale\" content=\"en_US\" \/>\n<meta property=\"og:type\" content=\"article\" \/>\n<meta property=\"og:title\" content=\"Pracuj z nami! - Danmar Computers\" \/>\n<meta property=\"og:description\" content=\"Jeste\u015b osob\u0105 kontaktow\u0105 i lubisz pracowa\u0107 w mi\u0119dzynarodowym \u015brodowisku? My\u015blisz nad prac\u0105 w trybie projektowym? Chcesz sprawdzi\u0107 sw\u00f3j \u201edobry angielski\u201d w praktyce, a mo\u017ce interesuj\u0105 Ci\u0119 aplikacje edukacyjne? Sprawd\u017a nasze aktualne oferty pracy i przekonaj si\u0119 czy to w\u0142a\u015bnie Ciebie szukamy! Oferta pracy \u2013 asystent projekt\u00f3w mi\u0119dzynarodowych\" \/>\n<meta property=\"og:url\" content=\"https:\/\/danmar-computers.com.pl\/pracuj-z-nami\/\" \/>\n<meta property=\"og:site_name\" content=\"Danmar Computers\" \/>\n<meta property=\"article:publisher\" content=\"https:\/\/www.facebook.com\/DanmarComputersEU\" \/>\n<meta property=\"article:modified_time\" content=\"2023-05-11T16:43:45+00:00\" \/>\n<meta property=\"og:image\" content=\"https:\/\/danmar-computers.com.pl\/wp-content\/uploads\/2015\/07\/logo-DANMAR.jpg\" \/>\n\t<meta property=\"og:image:width\" content=\"1312\" \/>\n\t<meta property=\"og:image:height\" content=\"439\" \/>\n\t<meta property=\"og:image:type\" content=\"image\/jpeg\" \/>\n<meta name=\"twitter:card\" content=\"summary_large_image\" \/>\n<meta name=\"twitter:site\" content=\"@DanmarComputers\" \/>\n<meta name=\"twitter:label1\" content=\"Est. reading time\" \/>\n\t<meta name=\"twitter:data1\" content=\"1 minute\" \/>\n<script type=\"application\/ld+json\" class=\"yoast-schema-graph\">{\"@context\":\"https:\\\/\\\/schema.org\",\"@graph\":[{\"@type\":\"WebPage\",\"@id\":\"https:\\\/\\\/danmar-computers.com.pl\\\/pracuj-z-nami\\\/\",\"url\":\"https:\\\/\\\/danmar-computers.com.pl\\\/pracuj-z-nami\\\/\",\"name\":\"Pracuj z nami! - Danmar Computers\",\"isPartOf\":{\"@id\":\"https:\\\/\\\/danmar-computers.com.pl\\\/#website\"},\"datePublished\":\"2021-02-17T07:44:51+00:00\",\"dateModified\":\"2023-05-11T16:43:45+00:00\",\"breadcrumb\":{\"@id\":\"https:\\\/\\\/danmar-computers.com.pl\\\/pracuj-z-nami\\\/#breadcrumb\"},\"inLanguage\":\"en-US\",\"potentialAction\":[{\"@type\":\"ReadAction\",\"target\":[\"https:\\\/\\\/danmar-computers.com.pl\\\/pracuj-z-nami\\\/\"]}]},{\"@type\":\"BreadcrumbList\",\"@id\":\"https:\\\/\\\/danmar-computers.com.pl\\\/pracuj-z-nami\\\/#breadcrumb\",\"itemListElement\":[{\"@type\":\"ListItem\",\"position\":1,\"name\":\"Strona g\u0142\u00f3wna\",\"item\":\"https:\\\/\\\/danmar-computers.com.pl\\\/\"},{\"@type\":\"ListItem\",\"position\":2,\"name\":\"Pracuj z nami!\"}]},{\"@type\":\"WebSite\",\"@id\":\"https:\\\/\\\/danmar-computers.com.pl\\\/#website\",\"url\":\"https:\\\/\\\/danmar-computers.com.pl\\\/\",\"name\":\"Danmar Computers\",\"description\":\"IT Matters\",\"publisher\":{\"@id\":\"https:\\\/\\\/danmar-computers.com.pl\\\/#organization\"},\"potentialAction\":[{\"@type\":\"SearchAction\",\"target\":{\"@type\":\"EntryPoint\",\"urlTemplate\":\"https:\\\/\\\/danmar-computers.com.pl\\\/?s={search_term_string}\"},\"query-input\":{\"@type\":\"PropertyValueSpecification\",\"valueRequired\":true,\"valueName\":\"search_term_string\"}}],\"inLanguage\":\"en-US\"},{\"@type\":\"Organization\",\"@id\":\"https:\\\/\\\/danmar-computers.com.pl\\\/#organization\",\"name\":\"Danmar Computers\",\"url\":\"https:\\\/\\\/danmar-computers.com.pl\\\/\",\"logo\":{\"@type\":\"ImageObject\",\"inLanguage\":\"en-US\",\"@id\":\"https:\\\/\\\/danmar-computers.com.pl\\\/#\\\/schema\\\/logo\\\/image\\\/\",\"url\":\"https:\\\/\\\/danmar-computers.com.pl\\\/wp-content\\\/uploads\\\/2015\\\/07\\\/logo-DANMAR.jpg\",\"contentUrl\":\"https:\\\/\\\/danmar-computers.com.pl\\\/wp-content\\\/uploads\\\/2015\\\/07\\\/logo-DANMAR.jpg\",\"width\":1312,\"height\":439,\"caption\":\"Danmar Computers\"},\"image\":{\"@id\":\"https:\\\/\\\/danmar-computers.com.pl\\\/#\\\/schema\\\/logo\\\/image\\\/\"},\"sameAs\":[\"https:\\\/\\\/www.facebook.com\\\/DanmarComputersEU\",\"https:\\\/\\\/x.com\\\/DanmarComputers\",\"https:\\\/\\\/www.linkedin.com\\\/company\\\/danmar-computers\",\"https:\\\/\\\/www.youtube.com\\\/channel\\\/UCJCuoSDcwQl3MvZdg-yn2RQ\"]}]}<\/script>\n<!-- \/ Yoast SEO plugin. -->","yoast_head_json":{"title":"Pracuj z nami! - Danmar Computers","robots":{"index":"index","follow":"follow","max-snippet":"max-snippet:-1","max-image-preview":"max-image-preview:large","max-video-preview":"max-video-preview:-1"},"canonical":"https:\/\/danmar-computers.com.pl\/pracuj-z-nami\/","og_locale":"en_US","og_type":"article","og_title":"Pracuj z nami! - Danmar Computers","og_description":"Jeste\u015b osob\u0105 kontaktow\u0105 i lubisz pracowa\u0107 w mi\u0119dzynarodowym \u015brodowisku? My\u015blisz nad prac\u0105 w trybie projektowym? Chcesz sprawdzi\u0107 sw\u00f3j \u201edobry angielski\u201d w praktyce, a mo\u017ce interesuj\u0105 Ci\u0119 aplikacje edukacyjne? Sprawd\u017a nasze aktualne oferty pracy i przekonaj si\u0119 czy to w\u0142a\u015bnie Ciebie szukamy! Oferta pracy \u2013 asystent projekt\u00f3w mi\u0119dzynarodowych","og_url":"https:\/\/danmar-computers.com.pl\/pracuj-z-nami\/","og_site_name":"Danmar Computers","article_publisher":"https:\/\/www.facebook.com\/DanmarComputersEU","article_modified_time":"2023-05-11T16:43:45+00:00","og_image":[{"width":1312,"height":439,"url":"https:\/\/danmar-computers.com.pl\/wp-content\/uploads\/2015\/07\/logo-DANMAR.jpg","type":"image\/jpeg"}],"twitter_card":"summary_large_image","twitter_site":"@DanmarComputers","twitter_misc":{"Est. reading time":"1 minute"},"schema":{"@context":"https:\/\/schema.org","@graph":[{"@type":"WebPage","@id":"https:\/\/danmar-computers.com.pl\/pracuj-z-nami\/","url":"https:\/\/danmar-computers.com.pl\/pracuj-z-nami\/","name":"Pracuj z nami! - Danmar Computers","isPartOf":{"@id":"https:\/\/danmar-computers.com.pl\/#website"},"datePublished":"2021-02-17T07:44:51+00:00","dateModified":"2023-05-11T16:43:45+00:00","breadcrumb":{"@id":"https:\/\/danmar-computers.com.pl\/pracuj-z-nami\/#breadcrumb"},"inLanguage":"en-US","potentialAction":[{"@type":"ReadAction","target":["https:\/\/danmar-computers.com.pl\/pracuj-z-nami\/"]}]},{"@type":"BreadcrumbList","@id":"https:\/\/danmar-computers.com.pl\/pracuj-z-nami\/#breadcrumb","itemListElement":[{"@type":"ListItem","position":1,"name":"Strona g\u0142\u00f3wna","item":"https:\/\/danmar-computers.com.pl\/"},{"@type":"ListItem","position":2,"name":"Pracuj z nami!"}]},{"@type":"WebSite","@id":"https:\/\/danmar-computers.com.pl\/#website","url":"https:\/\/danmar-computers.com.pl\/","name":"Danmar Computers","description":"IT Matters","publisher":{"@id":"https:\/\/danmar-computers.com.pl\/#organization"},"potentialAction":[{"@type":"SearchAction","target":{"@type":"EntryPoint","urlTemplate":"https:\/\/danmar-computers.com.pl\/?s={search_term_string}"},"query-input":{"@type":"PropertyValueSpecification","valueRequired":true,"valueName":"search_term_string"}}],"inLanguage":"en-US"},{"@type":"Organization","@id":"https:\/\/danmar-computers.com.pl\/#organization","name":"Danmar Computers","url":"https:\/\/danmar-computers.com.pl\/","logo":{"@type":"ImageObject","inLanguage":"en-US","@id":"https:\/\/danmar-computers.com.pl\/#\/schema\/logo\/image\/","url":"https:\/\/danmar-computers.com.pl\/wp-content\/uploads\/2015\/07\/logo-DANMAR.jpg","contentUrl":"https:\/\/danmar-computers.com.pl\/wp-content\/uploads\/2015\/07\/logo-DANMAR.jpg","width":1312,"height":439,"caption":"Danmar Computers"},"image":{"@id":"https:\/\/danmar-computers.com.pl\/#\/schema\/logo\/image\/"},"sameAs":["https:\/\/www.facebook.com\/DanmarComputersEU","https:\/\/x.com\/DanmarComputers","https:\/\/www.linkedin.com\/company\/danmar-computers","https:\/\/www.youtube.com\/channel\/UCJCuoSDcwQl3MvZdg-yn2RQ"]}]}},"_links":{"self":[{"href":"https:\/\/danmar-computers.com.pl\/en\/wp-json\/wp\/v2\/pages\/7115","targetHints":{"allow":["GET"]}}],"collection":[{"href":"https:\/\/danmar-computers.com.pl\/en\/wp-json\/wp\/v2\/pages"}],"about":[{"href":"https:\/\/danmar-computers.com.pl\/en\/wp-json\/wp\/v2\/types\/page"}],"author":[{"embeddable":true,"href":"https:\/\/danmar-computers.com.pl\/en\/wp-json\/wp\/v2\/users\/1"}],"replies":[{"embeddable":true,"href":"https:\/\/danmar-computers.com.pl\/en\/wp-json\/wp\/v2\/comments?post=7115"}],"version-history":[{"count":7,"href":"https:\/\/danmar-computers.com.pl\/en\/wp-json\/wp\/v2\/pages\/7115\/revisions"}],"predecessor-version":[{"id":8359,"href":"https:\/\/danmar-computers.com.pl\/en\/wp-json\/wp\/v2\/pages\/7115\/revisions\/8359"}],"wp:attachment":[{"href":"https:\/\/danmar-computers.com.pl\/en\/wp-json\/wp\/v2\/media?parent=7115"}],"curies":[{"name":"wp","href":"https:\/\/api.w.org\/{rel}","templated":true}]}}